{"id":465,"date":"2016-03-20T08:39:25","date_gmt":"2016-03-20T06:39:25","guid":{"rendered":"https:\/\/mobiesmart.fi\/fi\/?page_id=465"},"modified":"2017-06-01T08:43:45","modified_gmt":"2017-06-01T05:43:45","slug":"mobie-oy","status":"publish","type":"page","link":"https:\/\/mobiesmart.fi\/fi\/mobie-oy\/","title":{"rendered":"Mobie Oy"},"content":{"rendered":"<p>[vc_row][vc_column][vc_gmaps link=&#8221;#E-8_JTNDaWZyYW1lJTIwc3JjJTNEJTIyaHR0cHMlM0ElMkYlMkZ3d3cuZ29vZ2xlLmNvbSUyRm1hcHMlMkZlbWJlZCUzRnBiJTNEJTIxMW0xOCUyMTFtMTIlMjExbTMlMjExZDE4MTcuODI2MTYxOTIxNjU3MyUyMTJkMjcuNjczOTA4MjE2MTQ1NDI0JTIxM2Q2Mi44OTU0MDY1MjcxNjI5OCUyMTJtMyUyMTFmMCUyMTJmMCUyMTNmMCUyMTNtMiUyMTFpMTAyNCUyMTJpNzY4JTIxNGYxMy4xJTIxM20zJTIxMW0yJTIxMXMweDQ2ODRiMDg4NDljN2Q0ODklMjUzQTB4MjNkNWIwNzc2MGQ3NTc2NiUyMTJzSGFhcGFuaWVtZW5rYXR1JTJCNDAlMjUyQyUyQjcwMTEwJTJCS3VvcGlvJTIxNWUwJTIxM20yJTIxMXNmaSUyMTJzZmklMjE0djE0NTMxMDYyMjQ4NDklMjIlMjB3aWR0aCUzRCUyMjYwMCUyMiUyMGhlaWdodCUzRCUyMjI1MCUyMiUyMGZyYW1lYm9yZGVyJTNEJTIyMCUyMiUyMHN0eWxlJTNEJTIyYm9yZGVyJTNBMCUyMiUyMGFsbG93ZnVsbHNjcmVlbiUzRSUzQyUyRmlmcmFtZSUzRQ==&#8221;][\/vc_column][\/vc_row][vc_row][vc_column][vc_column_text]Mobie Oy on vuonna 2010 toimintansa aloittanut, voimakkaasti kansainv\u00e4listyv\u00e4, kuopiolainen opetusteknologia- ja viestint\u00e4alan vakavarainen ohjelmistoyritys. Kuulumme korkeimpaan AAA-luottoluokkaan (Bisnode 2014 alkaen). P\u00e4\u00e4tuotteemme ovat yrityksille, kouluille ja oppilaitoksille suunnatut eSmart- ja OnEdu-oppimisymp\u00e4rist\u00f6t, s\u00e4hk\u00f6iset koulutus- ja oppimateriaalit, sek\u00e4 Mobie Tablet PC:t.<\/p>\n<p><strong>Yhteystiedot:<\/strong><br \/>\nHaapaniemenkatu 40 D 2, 70110 Kuopio<br \/>\n+358 45 2559 440, tai tukipalvelut +358 45 8057 629<br \/>\n<a>info@mobie.fi<\/a><\/p>\n<p><a href=\"https:\/\/socialedu.onedu.fi\/wp-content\/uploads\/2015\/07\/AAA-logo-2016-FI-e1453107407598.png\" rel=\"attachment wp-att-1010\"><img loading=\"lazy\" decoding=\"async\" class=\"size-full wp-image-1010 alignleft\" src=\"https:\/\/socialedu.onedu.fi\/wp-content\/uploads\/2015\/07\/AAA-logo-2016-FI-e1453107407598.png\" alt=\"AAA-logo-2016-FI\" width=\"190\" height=\"119\" \/><\/a>[\/vc_column_text][\/vc_column][\/vc_row]<\/p>\n","protected":false},"excerpt":{"rendered":"<p>[vc_row][vc_column][vc_gmaps link=&#8221;#E-8_JTNDaWZyYW1lJTIwc3JjJTNEJTIyaHR0cHMlM0ElMkYlMkZ3d3cuZ29vZ2xlLmNvbSUyRm1hcHMlMkZlbWJlZCUzRnBiJTNEJTIxMW0xOCUyMTFtMTIlMjExbTMlMjExZDE4MTcuODI2MTYxOTIxNjU3MyUyMTJkMjcuNjczOTA4MjE2MTQ1NDI0JTIxM2Q2Mi44OTU0MDY1MjcxNjI5OCUyMTJtMyUyMTFmMCUyMTJmMCUyMTNmMCUyMTNtMiUyMTFpMTAyNCUyMTJpNzY4JTIxNGYxMy4xJTIxM20zJTIxMW0yJTIxMXMweDQ2ODRiMDg4NDljN2Q0ODklMjUzQTB4MjNkNWIwNzc2MGQ3NTc2NiUyMTJzSGFhcGFuaWVtZW5rYXR1JTJCNDAlMjUyQyUyQjcwMTEwJTJCS3VvcGlvJTIxNWUwJTIxM20yJTIxMXNmaSUyMTJzZmklMjE0djE0NTMxMDYyMjQ4NDklMjIlMjB3aWR0aCUzRCUyMjYwMCUyMiUyMGhlaWdodCUzRCUyMjI1MCUyMiUyMGZyYW1lYm9yZGVyJTNEJTIyMCUyMiUyMHN0eWxlJTNEJTIyYm9yZGVyJTNBMCUyMiUyMGFsbG93ZnVsbHNjcmVlbiUzRSUzQyUyRmlmcmFtZSUzRQ==&#8221;][\/vc_column][\/vc_row][vc_row][vc_column][vc_column_text]Mobie Oy on vuonna 2010 toimintansa aloittanut, voimakkaasti kansainv\u00e4listyv\u00e4, kuopiolainen opetusteknologia- ja viestint\u00e4alan vakavarainen ohjelmistoyritys. Kuulumme korkeimpaan AAA-luottoluokkaan (Bisnode 2014 alkaen). P\u00e4\u00e4tuotteemme ovat yrityksille, kouluille ja oppilaitoksille suunnatut eSmart- ja OnEdu-oppimisymp\u00e4rist\u00f6t, s\u00e4hk\u00f6iset koulutus- ja oppimateriaalit, sek\u00e4 Mobie Tablet PC:t. Yhteystiedot: Haapaniemenkatu 40 D 2, 70110 Kuopio +358 45 2559 440, tai tukipalvelut +358 45 [&hellip;]<\/p>\n","protected":false},"author":3,"featured_media":738,"parent":0,"menu_order":7,"comment_status":"closed","ping_status":"closed","template":"page-no-buddypanel.php","meta":{"_bbp_topic_count":0,"_bbp_reply_count":0,"_bbp_total_topic_count":0,"_bbp_total_reply_count":0,"_bbp_voice_count":0,"_bbp_anonymous_reply_count":0,"_bbp_topic_count_hidden":0,"_bbp_reply_count_hidden":0,"_bbp_forum_subforum_count":0,"footnotes":""},"class_list":["post-465","page","type-page","status-publish","has-post-thumbnail","hentry"],"_links":{"self":[{"href":"https:\/\/mobiesmart.fi\/fi\/wp-json\/wp\/v2\/pages\/465"}],"collection":[{"href":"https:\/\/mobiesmart.fi\/fi\/wp-json\/wp\/v2\/pages"}],"about":[{"href":"https:\/\/mobiesmart.fi\/fi\/wp-json\/wp\/v2\/types\/page"}],"author":[{"embeddable":true,"href":"https:\/\/mobiesmart.fi\/fi\/wp-json\/wp\/v2\/users\/3"}],"replies":[{"embeddable":true,"href":"https:\/\/mobiesmart.fi\/fi\/wp-json\/wp\/v2\/comments?post=465"}],"version-history":[{"count":7,"href":"https:\/\/mobiesmart.fi\/fi\/wp-json\/wp\/v2\/pages\/465\/revisions"}],"predecessor-version":[{"id":3606,"href":"https:\/\/mobiesmart.fi\/fi\/wp-json\/wp\/v2\/pages\/465\/revisions\/3606"}],"wp:featuredmedia":[{"embeddable":true,"href":"https:\/\/mobiesmart.fi\/fi\/wp-json\/wp\/v2\/media\/738"}],"wp:attachment":[{"href":"https:\/\/mobiesmart.fi\/fi\/wp-json\/wp\/v2\/media?parent=465"}],"curies":[{"name":"wp","href":"https:\/\/api.w.org\/{rel}","templated":true}]}}