{"id":457,"date":"2016-03-20T08:29:58","date_gmt":"2016-03-20T06:29:58","guid":{"rendered":"https:\/\/mobiesmart.fi\/fi\/?page_id=457"},"modified":"2016-03-31T13:32:53","modified_gmt":"2016-03-31T10:32:53","slug":"mobie-esmart-lms","status":"publish","type":"page","link":"https:\/\/mobiesmart.fi\/fi\/mobie-esmart-lms\/","title":{"rendered":"Mobie eSmart LMS"},"content":{"rendered":"<p>[vc_row][vc_column][vc_column_text]Mobie eSmat on uusimpiin standardeihin perustuva, yrityksen tai organisaation modulaarinen koulutusratkaisu monipuolisine teht\u00e4v\u00e4- ja raportointiosiosioineen. Se kannustaa ty\u00f6ntekij\u00e4\u00e4 k\u00e4ym\u00e4\u00e4n l\u00e4pi kurssiosiot suoritemerkeill\u00e4, sek\u00e4 antaa suoritetusta kurssista s\u00e4hk\u00f6isen (Badge) ja\/tai tulostettavan todistuksen (Sertifikaatti).[\/vc_column_text][\/vc_column][\/vc_row][vc_row][vc_column width=&#8221;1\/3&#8243;][vc_single_image image=&#8221;846&#8243; img_size=&#8221;large&#8221; style=&#8221;vc_box_shadow&#8221; onclick=&#8221;link_image&#8221;][vc_column_text]<\/p>\n<h3>Kaikilla laitteilla<\/h3>\n<p>Pilvipalveluna toimiva Mobie eSmart mahdollistaa opiskelun kaikilla laitteilla, niiden n\u00e4yt\u00f6n koosta, tai k\u00e4ytt\u00f6j\u00e4rjestelm\u00e4st\u00e4 riippumatta, my\u00f6skin ilman verkkoyhteytt\u00e4. <strong><a href=\"https:\/\/mobiesmart.fi\/fi\/etusivu\/kaikilla-laitteilla\/\">Lue lis\u00e4\u00e4<\/a><\/strong>[\/vc_column_text][\/vc_column][vc_column width=&#8221;1\/3&#8243;][vc_single_image image=&#8221;847&#8243; img_size=&#8221;large&#8221; style=&#8221;vc_box_shadow&#8221; onclick=&#8221;link_image&#8221;][vc_column_text]<\/p>\n<h3>Nykyaikainen<\/h3>\n<p>Mobie eSmart on uuden sukupolven modulaarinen oppimis- ja koulutusj\u00e4rjestelm\u00e4, joka on kehitetty uusimpien standardien mukaisesti toimivaksi kokonaisuudeksi. <strong><a href=\"https:\/\/mobiesmart.fi\/fi\/etusivu\/uuden-sukupolven-koulutusjarjestelma\/\">Lue lis\u00e4\u00e4<\/a><\/strong>[\/vc_column_text][\/vc_column][vc_column width=&#8221;1\/3&#8243;][vc_single_image image=&#8221;844&#8243; img_size=&#8221;large&#8221; style=&#8221;vc_box_shadow&#8221; onclick=&#8221;link_image&#8221;][vc_column_text]<\/p>\n<h3>Monipuolinen<\/h3>\n<p>Mobie eSmart-j\u00e4rjestelm\u00e4 sis\u00e4lt\u00e4\u00e4 perusteht\u00e4v\u00e4tyyppien lis\u00e4ksi 28 kpl interaktiivisia HTML5-ty\u00f6kaluja, joilla voidaan tuottaa uudentyyppisi\u00e4, visuaalisia teht\u00e4vi\u00e4. <strong><a href=\"https:\/\/mobiesmart.fi\/fi\/etusivu\/monipuoliset-tehtavatyypit\/\">Lue lis\u00e4\u00e4<\/a><\/strong>[\/vc_column_text][\/vc_column][\/vc_row][vc_row][vc_column width=&#8221;1\/3&#8243;][vc_single_image image=&#8221;849&#8243; img_size=&#8221;large&#8221; style=&#8221;vc_box_shadow&#8221; onclick=&#8221;link_image&#8221;][vc_column_text]<\/p>\n<h3>Yhteis\u00f6llinen<\/h3>\n<p>Mobie eSmart sis\u00e4lt\u00e4\u00e4 Facebookin kaltaisen sosiaalisen median osion,\u00a0viestiseinineen, ryhmineen, chatteineen, videochatteineen, keskustelufoorumeineen ja blogeineen. <strong><a href=\"https:\/\/mobiesmart.fi\/fi\/etusivu\/social-learning\/\">Lue lis\u00e4\u00e4<\/a><\/strong>[\/vc_column_text][\/vc_column][vc_column width=&#8221;1\/3&#8243;][vc_single_image image=&#8221;850&#8243; img_size=&#8221;large&#8221; style=&#8221;vc_box_shadow&#8221; onclick=&#8221;link_image&#8221;][vc_column_text]<\/p>\n<h3>Helppok\u00e4ytt\u00f6inen<\/h3>\n<p>Kurssisis\u00e4lt\u00f6jen tuottaminen ja muokkaaminen mill\u00e4 tahansa laitteella on helppoa ja nopeaa. Voit hy\u00f6dynt\u00e4\u00e4 sis\u00e4ll\u00f6ntuotannossa mobiililaitteiden kamera- ja \u00e4\u00e4niominaisuuksia. <strong><a href=\"https:\/\/mobiesmart.fi\/fi\/etusivu\/sisallontuotannon-helppoutta\/\">Lue lis\u00e4\u00e4<\/a><\/strong>[\/vc_column_text][\/vc_column][vc_column width=&#8221;1\/3&#8243;][vc_single_image image=&#8221;852&#8243; img_size=&#8221;large&#8221; style=&#8221;vc_box_shadow&#8221; onclick=&#8221;link_image&#8221;][vc_column_text]<\/p>\n<h3>Moneen k\u00e4ytt\u00f6\u00f6n<\/h3>\n<p>Mobie eSmart on markkinoiden monipuolisin koulutus- ja perehdytt\u00e4misj\u00e4rjestelm\u00e4. K\u00e4rjess\u00e4 my\u00f6s EU:n laajassa oppimisymp\u00e4rist\u00f6vertailussa (2014). <strong><a href=\"https:\/\/mobiesmart.fi\/fi\/etusivu\/moneen-kayttotarkoitukseen\/\">Lue lis\u00e4\u00e4<\/a><\/strong>[\/vc_column_text][\/vc_column][\/vc_row][vc_row][vc_column][vc_video link=&#8221;https:\/\/youtu.be\/fUPoE6y9Zj8&#8243; title=&#8221;Mobie eSmart in action&#8221;][\/vc_column][\/vc_row][vc_row][vc_column][vc_cta h2=&#8221;Mikrokurssit, miksi ne ovat niin tehokkaita?&#8221; txt_align=&#8221;justify&#8221; add_button=&#8221;right&#8221; btn_title=&#8221;Lue lis\u00e4\u00e4&#8221; btn_style=&#8221;flat&#8221; btn_color=&#8221;green&#8221; btn_add_icon=&#8221;true&#8221; btn_link=&#8221;url:https%3A%2F%2Fmobiesmart.fi%2Ffi%2F2016%2F03%2F26%2Fwhy-microlearning-works-2%2F||&#8221; css=&#8221;.vc_custom_1459006786924{margin-top: 20px !important;}&#8221;]Mikrokurssit ovat verkkokursseja, joissa sis\u00e4lt\u00f6 on rakennettu lyhyiksi 3-5 minuutin mittaisiksi t\u00e4sm\u00e4osioksi, jotka on helppo k\u00e4yd\u00e4 nopeasti l\u00e4pi oman ty\u00f6n ohessa. Ne ovat huomattavasti tehokkaampia kuin perinteiset verkkokurssit tai luentopohjaiset koulutukset ja samalla my\u00f6s huomattavasti edullisempia toteuttaa. Mobie eSmart on t\u00e4ydellinen j\u00e4rjestelm\u00e4 interaktiivisten mikrokurssien tuottamiseen.[\/vc_cta][\/vc_column][\/vc_row]<\/p>\n","protected":false},"excerpt":{"rendered":"<p>[vc_row][vc_column][vc_column_text]Mobie eSmat on uusimpiin standardeihin perustuva, yrityksen tai organisaation modulaarinen koulutusratkaisu monipuolisine teht\u00e4v\u00e4- ja raportointiosiosioineen. Se kannustaa ty\u00f6ntekij\u00e4\u00e4 k\u00e4ym\u00e4\u00e4n l\u00e4pi kurssiosiot suoritemerkeill\u00e4, sek\u00e4 antaa suoritetusta kurssista s\u00e4hk\u00f6isen (Badge) ja\/tai tulostettavan todistuksen (Sertifikaatti).[\/vc_column_text][\/vc_column][\/vc_row][vc_row][vc_column width=&#8221;1\/3&#8243;][vc_single_image image=&#8221;846&#8243; img_size=&#8221;large&#8221; style=&#8221;vc_box_shadow&#8221; onclick=&#8221;link_image&#8221;][vc_column_text] Kaikilla laitteilla Pilvipalveluna toimiva Mobie eSmart mahdollistaa opiskelun kaikilla laitteilla, niiden n\u00e4yt\u00f6n koosta, tai k\u00e4ytt\u00f6j\u00e4rjestelm\u00e4st\u00e4 riippumatta, my\u00f6skin ilman [&hellip;]<\/p>\n","protected":false},"author":3,"featured_media":715,"parent":0,"menu_order":0,"comment_status":"closed","ping_status":"closed","template":"","meta":{"_bbp_topic_count":0,"_bbp_reply_count":0,"_bbp_total_topic_count":0,"_bbp_total_reply_count":0,"_bbp_voice_count":0,"_bbp_anonymous_reply_count":0,"_bbp_topic_count_hidden":0,"_bbp_reply_count_hidden":0,"_bbp_forum_subforum_count":0,"footnotes":""},"class_list":["post-457","page","type-page","status-publish","has-post-thumbnail","hentry"],"_links":{"self":[{"href":"https:\/\/mobiesmart.fi\/fi\/wp-json\/wp\/v2\/pages\/457"}],"collection":[{"href":"https:\/\/mobiesmart.fi\/fi\/wp-json\/wp\/v2\/pages"}],"about":[{"href":"https:\/\/mobiesmart.fi\/fi\/wp-json\/wp\/v2\/types\/page"}],"author":[{"embeddable":true,"href":"https:\/\/mobiesmart.fi\/fi\/wp-json\/wp\/v2\/users\/3"}],"replies":[{"embeddable":true,"href":"https:\/\/mobiesmart.fi\/fi\/wp-json\/wp\/v2\/comments?post=457"}],"version-history":[{"count":56,"href":"https:\/\/mobiesmart.fi\/fi\/wp-json\/wp\/v2\/pages\/457\/revisions"}],"predecessor-version":[{"id":927,"href":"https:\/\/mobiesmart.fi\/fi\/wp-json\/wp\/v2\/pages\/457\/revisions\/927"}],"wp:featuredmedia":[{"embeddable":true,"href":"https:\/\/mobiesmart.fi\/fi\/wp-json\/wp\/v2\/media\/715"}],"wp:attachment":[{"href":"https:\/\/mobiesmart.fi\/fi\/wp-json\/wp\/v2\/media?parent=457"}],"curies":[{"name":"wp","href":"https:\/\/api.w.org\/{rel}","templated":true}]}}