{"id":3723,"date":"2017-07-07T08:17:46","date_gmt":"2017-07-07T05:17:46","guid":{"rendered":"https:\/\/mobiesmart.fi\/fi\/?page_id=3723"},"modified":"2017-07-07T09:10:02","modified_gmt":"2017-07-07T06:10:02","slug":"mobie-akatemia","status":"publish","type":"page","link":"https:\/\/mobiesmart.fi\/fi\/mobie-akatemia\/","title":{"rendered":"Mobie Akatemia"},"content":{"rendered":"<p>[vc_row][vc_column][vc_column_text]<img loading=\"lazy\" decoding=\"async\" class=\"alignnone size-full wp-image-691\" src=\"https:\/\/mobiesmart.fi\/fi\/wp-content\/uploads\/sites\/4\/2016\/03\/zinemuokkaus_ipad_1600.jpg\" alt=\"\" width=\"1600\" height=\"800\" srcset=\"https:\/\/mobiesmart.fi\/fi\/wp-content\/uploads\/sites\/4\/2016\/03\/zinemuokkaus_ipad_1600.jpg 1600w, https:\/\/mobiesmart.fi\/fi\/wp-content\/uploads\/sites\/4\/2016\/03\/zinemuokkaus_ipad_1600-300x150.jpg 300w, https:\/\/mobiesmart.fi\/fi\/wp-content\/uploads\/sites\/4\/2016\/03\/zinemuokkaus_ipad_1600-768x384.jpg 768w, https:\/\/mobiesmart.fi\/fi\/wp-content\/uploads\/sites\/4\/2016\/03\/zinemuokkaus_ipad_1600-1024x512.jpg 1024w, https:\/\/mobiesmart.fi\/fi\/wp-content\/uploads\/sites\/4\/2016\/03\/zinemuokkaus_ipad_1600-252x126.jpg 252w, https:\/\/mobiesmart.fi\/fi\/wp-content\/uploads\/sites\/4\/2016\/03\/zinemuokkaus_ipad_1600-522x261.jpg 522w, https:\/\/mobiesmart.fi\/fi\/wp-content\/uploads\/sites\/4\/2016\/03\/zinemuokkaus_ipad_1600-792x396.jpg 792w, https:\/\/mobiesmart.fi\/fi\/wp-content\/uploads\/sites\/4\/2016\/03\/zinemuokkaus_ipad_1600-1062x531.jpg 1062w, https:\/\/mobiesmart.fi\/fi\/wp-content\/uploads\/sites\/4\/2016\/03\/zinemuokkaus_ipad_1600-624x312.jpg 624w, https:\/\/mobiesmart.fi\/fi\/wp-content\/uploads\/sites\/4\/2016\/03\/zinemuokkaus_ipad_1600-100x50.jpg 100w, https:\/\/mobiesmart.fi\/fi\/wp-content\/uploads\/sites\/4\/2016\/03\/zinemuokkaus_ipad_1600-200x100.jpg 200w, https:\/\/mobiesmart.fi\/fi\/wp-content\/uploads\/sites\/4\/2016\/03\/zinemuokkaus_ipad_1600-750x375.jpg 750w\" sizes=\"(max-width: 1600px) 100vw, 1600px\" \/><\/p>\n<p>Mobie Akatemia on pedagogiseen konsultointiin, koulutukseen ja sis\u00e4ll\u00f6ntuotantoon erikoistunut yksikk\u00f6mme. Se auttaa asiakkaitaan tuottamaan pedagogisesti ja toiminnallisesti korkeatasoisia kurssimateriaaleja neuvoen, kouluttaen ja tarvittaessa tuottaen valmiita koulutusmateriaaleja asiakkaiden omiin sis\u00e4lt\u00f6ihin.<\/p>\n<p>Verkkokurssien tuottamiseen ja erityisesti Social Micro Learning -koulutusmetodiin perehtyneet asiantuntijamme helpottavat ja nopeuttavat uuden koulutusj\u00e4rjestelm\u00e4n k\u00e4ytt\u00f6\u00f6nottoa yrityksiss\u00e4. Hyvin suunnitellut ja toimivat\u00a0kurssimateriaalit motivoivat ty\u00f6ntekij\u00f6it\u00e4 k\u00e4ytt\u00e4m\u00e4\u00e4n kurssij\u00e4rjestelm\u00e4\u00e4 ja saavuttamaan sen my\u00f6t\u00e4 parempia oppimistuloksia.<\/p>\n<p><strong>Ota yhteytt\u00e4, niin kerromme lis\u00e4\u00e4!<\/strong>[\/vc_column_text][\/vc_column][\/vc_row]<\/p>\n","protected":false},"excerpt":{"rendered":"<p>[vc_row][vc_column][vc_column_text] Mobie Akatemia on pedagogiseen konsultointiin, koulutukseen ja sis\u00e4ll\u00f6ntuotantoon erikoistunut yksikk\u00f6mme. Se auttaa asiakkaitaan tuottamaan pedagogisesti ja toiminnallisesti korkeatasoisia kurssimateriaaleja neuvoen, kouluttaen ja tarvittaessa tuottaen valmiita koulutusmateriaaleja asiakkaiden omiin sis\u00e4lt\u00f6ihin. Verkkokurssien tuottamiseen ja erityisesti Social Micro Learning -koulutusmetodiin perehtyneet asiantuntijamme helpottavat ja nopeuttavat uuden koulutusj\u00e4rjestelm\u00e4n k\u00e4ytt\u00f6\u00f6nottoa yrityksiss\u00e4. Hyvin suunnitellut ja toimivat\u00a0kurssimateriaalit motivoivat ty\u00f6ntekij\u00f6it\u00e4 k\u00e4ytt\u00e4m\u00e4\u00e4n kurssij\u00e4rjestelm\u00e4\u00e4 [&hellip;]<\/p>\n","protected":false},"author":3,"featured_media":0,"parent":0,"menu_order":0,"comment_status":"closed","ping_status":"closed","template":"","meta":{"_bbp_topic_count":0,"_bbp_reply_count":0,"_bbp_total_topic_count":0,"_bbp_total_reply_count":0,"_bbp_voice_count":0,"_bbp_anonymous_reply_count":0,"_bbp_topic_count_hidden":0,"_bbp_reply_count_hidden":0,"_bbp_forum_subforum_count":0,"footnotes":""},"class_list":["post-3723","page","type-page","status-publish","hentry"],"_links":{"self":[{"href":"https:\/\/mobiesmart.fi\/fi\/wp-json\/wp\/v2\/pages\/3723"}],"collection":[{"href":"https:\/\/mobiesmart.fi\/fi\/wp-json\/wp\/v2\/pages"}],"about":[{"href":"https:\/\/mobiesmart.fi\/fi\/wp-json\/wp\/v2\/types\/page"}],"author":[{"embeddable":true,"href":"https:\/\/mobiesmart.fi\/fi\/wp-json\/wp\/v2\/users\/3"}],"replies":[{"embeddable":true,"href":"https:\/\/mobiesmart.fi\/fi\/wp-json\/wp\/v2\/comments?post=3723"}],"version-history":[{"count":7,"href":"https:\/\/mobiesmart.fi\/fi\/wp-json\/wp\/v2\/pages\/3723\/revisions"}],"predecessor-version":[{"id":3732,"href":"https:\/\/mobiesmart.fi\/fi\/wp-json\/wp\/v2\/pages\/3723\/revisions\/3732"}],"wp:attachment":[{"href":"https:\/\/mobiesmart.fi\/fi\/wp-json\/wp\/v2\/media?parent=3723"}],"curies":[{"name":"wp","href":"https:\/\/api.w.org\/{rel}","templated":true}]}}