{"id":2577,"date":"2016-12-09T08:50:07","date_gmt":"2016-12-09T06:50:07","guid":{"rendered":"https:\/\/mobiesmart.fi\/fi\/?page_id=2577"},"modified":"2020-08-27T17:46:04","modified_gmt":"2020-08-27T14:46:04","slug":"videoneuvottelu","status":"publish","type":"page","link":"https:\/\/mobiesmart.fi\/fi\/videoneuvottelu\/","title":{"rendered":"Videoneuvottelu"},"content":{"rendered":"<p>[vc_row][vc_column][vc_column_text]<img loading=\"lazy\" decoding=\"async\" class=\"alignnone size-full wp-image-681\" src=\"https:\/\/mobiesmart.fi\/fi\/wp-content\/uploads\/sites\/4\/2016\/03\/videoneuvottelu_1600.jpg\" alt=\"videoneuvottelu_1600\" width=\"1600\" height=\"800\" srcset=\"https:\/\/mobiesmart.fi\/fi\/wp-content\/uploads\/sites\/4\/2016\/03\/videoneuvottelu_1600.jpg 1600w, https:\/\/mobiesmart.fi\/fi\/wp-content\/uploads\/sites\/4\/2016\/03\/videoneuvottelu_1600-300x150.jpg 300w, https:\/\/mobiesmart.fi\/fi\/wp-content\/uploads\/sites\/4\/2016\/03\/videoneuvottelu_1600-768x384.jpg 768w, https:\/\/mobiesmart.fi\/fi\/wp-content\/uploads\/sites\/4\/2016\/03\/videoneuvottelu_1600-1024x512.jpg 1024w, https:\/\/mobiesmart.fi\/fi\/wp-content\/uploads\/sites\/4\/2016\/03\/videoneuvottelu_1600-252x126.jpg 252w, https:\/\/mobiesmart.fi\/fi\/wp-content\/uploads\/sites\/4\/2016\/03\/videoneuvottelu_1600-522x261.jpg 522w, https:\/\/mobiesmart.fi\/fi\/wp-content\/uploads\/sites\/4\/2016\/03\/videoneuvottelu_1600-792x396.jpg 792w, https:\/\/mobiesmart.fi\/fi\/wp-content\/uploads\/sites\/4\/2016\/03\/videoneuvottelu_1600-1062x531.jpg 1062w, https:\/\/mobiesmart.fi\/fi\/wp-content\/uploads\/sites\/4\/2016\/03\/videoneuvottelu_1600-624x312.jpg 624w, https:\/\/mobiesmart.fi\/fi\/wp-content\/uploads\/sites\/4\/2016\/03\/videoneuvottelu_1600-100x50.jpg 100w, https:\/\/mobiesmart.fi\/fi\/wp-content\/uploads\/sites\/4\/2016\/03\/videoneuvottelu_1600-200x100.jpg 200w, https:\/\/mobiesmart.fi\/fi\/wp-content\/uploads\/sites\/4\/2016\/03\/videoneuvottelu_1600-750x375.jpg 750w\" sizes=\"(max-width: 1600px) 100vw, 1600px\" \/><\/p>\n<p>Olet Mobie eSmart-j\u00e4rjestelm\u00e4n videoneuvottelutilan kirjaututumissivulla. Jos sinulla on k\u00e4ytt\u00e4j\u00e4tunnukset eSmart-koulutuksiin, voit liitty\u00e4 videoneuvotteluun valitsemalla yksinkertaisesti alla olevasta valikosta joko \u201c<strong>eSmart-koulutus<\/strong>\u201d tai \u201c<strong>eSmart-tuki<\/strong>\u201d ja klikkaamalla lopuksi \u201c<strong>Liity<\/strong>\u201d -painiketta.<\/p>\n<p>[bigbluebutton][\/vc_column_text][\/vc_column][\/vc_row]<\/p>\n","protected":false},"excerpt":{"rendered":"<p>[vc_row][vc_column][vc_column_text] Olet Mobie eSmart-j\u00e4rjestelm\u00e4n videoneuvottelutilan kirjaututumissivulla. Jos sinulla on k\u00e4ytt\u00e4j\u00e4tunnukset eSmart-koulutuksiin, voit liitty\u00e4 videoneuvotteluun valitsemalla yksinkertaisesti alla olevasta valikosta joko \u201ceSmart-koulutus\u201d tai \u201ceSmart-tuki\u201d ja klikkaamalla lopuksi \u201cLiity\u201d -painiketta. [bigbluebutton][\/vc_column_text][\/vc_column][\/vc_row]<\/p>\n","protected":false},"author":1,"featured_media":0,"parent":0,"menu_order":0,"comment_status":"closed","ping_status":"closed","template":"","meta":{"_bbp_topic_count":0,"_bbp_reply_count":0,"_bbp_total_topic_count":0,"_bbp_total_reply_count":0,"_bbp_voice_count":0,"_bbp_anonymous_reply_count":0,"_bbp_topic_count_hidden":0,"_bbp_reply_count_hidden":0,"_bbp_forum_subforum_count":0,"footnotes":""},"class_list":["post-2577","page","type-page","status-publish","hentry"],"_links":{"self":[{"href":"https:\/\/mobiesmart.fi\/fi\/wp-json\/wp\/v2\/pages\/2577"}],"collection":[{"href":"https:\/\/mobiesmart.fi\/fi\/wp-json\/wp\/v2\/pages"}],"about":[{"href":"https:\/\/mobiesmart.fi\/fi\/wp-json\/wp\/v2\/types\/page"}],"author":[{"embeddable":true,"href":"https:\/\/mobiesmart.fi\/fi\/wp-json\/wp\/v2\/users\/1"}],"replies":[{"embeddable":true,"href":"https:\/\/mobiesmart.fi\/fi\/wp-json\/wp\/v2\/comments?post=2577"}],"version-history":[{"count":5,"href":"https:\/\/mobiesmart.fi\/fi\/wp-json\/wp\/v2\/pages\/2577\/revisions"}],"predecessor-version":[{"id":5294,"href":"https:\/\/mobiesmart.fi\/fi\/wp-json\/wp\/v2\/pages\/2577\/revisions\/5294"}],"wp:attachment":[{"href":"https:\/\/mobiesmart.fi\/fi\/wp-json\/wp\/v2\/media?parent=2577"}],"curies":[{"name":"wp","href":"https:\/\/api.w.org\/{rel}","templated":true}]}}