{"id":22,"date":"2016-02-05T08:44:28","date_gmt":"2016-02-05T06:44:28","guid":{"rendered":"https:\/\/mobiesmart.fi\/fi\/?page_id=22"},"modified":"2016-12-08T10:46:35","modified_gmt":"2016-12-08T08:46:35","slug":"etusivu","status":"publish","type":"page","link":"https:\/\/mobiesmart.fi\/fi\/","title":{"rendered":"Mobie eSmart"},"content":{"rendered":"<p>[vc_row][vc_column][vc_column_text]Mobie eSmart on uuden sukupolven yhteis\u00f6llinen koulutusymp\u00e4rist\u00f6. Sen pedagoginen kehitys on tapahtunut yhteisty\u00f6ss\u00e4 sadan suomalaisen koulun ja oppilaitoksen, sek\u00e4 noin 2.500 opettajan ja 40.000 opiskelijan kanssa ja se on muokattu\u00a0t\u00e4m\u00e4n j\u00e4lkeen soveltuvaksi yritysten ja organisaatioiden tarpeisiin.[\/vc_column_text][\/vc_column][\/vc_row][vc_row][vc_column width=&#8221;1\/3&#8243;][vc_single_image image=&#8221;418&#8243; img_size=&#8221;large&#8221; onclick=&#8221;link_image&#8221; css_animation=&#8221;left-to-right&#8221;][vc_column_text]<\/p>\n<h3><strong>Kaikilla laitteilla<\/strong><\/h3>\n<p>Mobie eSmart toimii kaikilla p\u00e4\u00e4telaitteilla, kosketusn\u00e4yt\u00f6llisist\u00e4 \u00e4lypuhelimista, tablet-laitteisiin, tietokoneisiin ja nykyaikaisiin\u00a0tv-vastaanottimiin, niiden k\u00e4ytt\u00f6j\u00e4rjestelm\u00e4st\u00e4 riippumatta.[\/vc_column_text][\/vc_column][vc_column width=&#8221;1\/3&#8243;][vc_single_image image=&#8221;423&#8243; img_size=&#8221;large&#8221; onclick=&#8221;link_image&#8221; css_animation=&#8221;left-to-right&#8221;][vc_column_text]<\/p>\n<h3><strong>Monipuolinen<\/strong><\/h3>\n<p>Mobie eSmart on yksi markkinoiden monipuolisimmista koulutus- ja perehdytt\u00e4misymp\u00e4rist\u00f6ist\u00e4. Se\u00a0on samalla erinomainen\u00a0yhteis\u00f6llisen ty\u00f6ss\u00e4oppimisen mobiili koulutusymp\u00e4rist\u00f6.[\/vc_column_text][\/vc_column][vc_column width=&#8221;1\/3&#8243;][vc_single_image image=&#8221;426&#8243; img_size=&#8221;large&#8221; onclick=&#8221;link_image&#8221; css_animation=&#8221;left-to-right&#8221;][vc_column_text]<\/p>\n<h3><strong>Helppok\u00e4ytt\u00f6inen<\/strong><\/h3>\n<p>Palvelu\u00a0on otettavissa k\u00e4ytt\u00f6\u00f6n nopeasti. Voit tuottaa adaptiivisia oppimispolkuja sis\u00e4lt\u00e4vi\u00e4 kursseja teht\u00e4vineen ja kokeineen, sek\u00e4\u00a0tuoda ulkoista materiaalia xAPI-rajapinnan kautta.[\/vc_column_text][\/vc_column][\/vc_row][vc_row css=&#8221;.vc_custom_1458822803285{margin-top: -30px !important;}&#8221;][vc_column css=&#8221;.vc_custom_1458389561512{margin-top: 0px !important;}&#8221;][vc_video link=&#8221;https:\/\/youtu.be\/fUPoE6y9Zj8&#8243; title=&#8221;Mobie eSmart in Action&#8221;][\/vc_column][\/vc_row][vc_row][vc_column][vc_btn title=&#8221;Lue lis\u00e4\u00e4 Mobie eSmart-koulutusymp\u00e4rist\u00f6st\u00e4&#8221; color=&#8221;success&#8221; size=&#8221;lg&#8221; link=&#8221;url:https%3A%2F%2Fmobiesmart.fi%2Ffi%2Fmobie-esmart-lms%2F||&#8221; add_icon=&#8221;true&#8221; css=&#8221;.vc_custom_1458822860418{margin-top: 20px !important;}&#8221;][\/vc_column][\/vc_row]<\/p>\n","protected":false},"excerpt":{"rendered":"<p>[vc_row][vc_column][vc_column_text]Mobie eSmart on uuden sukupolven yhteis\u00f6llinen koulutusymp\u00e4rist\u00f6. Sen pedagoginen kehitys on tapahtunut yhteisty\u00f6ss\u00e4 sadan suomalaisen koulun ja oppilaitoksen, sek\u00e4 noin 2.500 opettajan ja 40.000 opiskelijan kanssa ja se on muokattu\u00a0t\u00e4m\u00e4n j\u00e4lkeen soveltuvaksi yritysten ja organisaatioiden tarpeisiin.[\/vc_column_text][\/vc_column][\/vc_row][vc_row][vc_column width=&#8221;1\/3&#8243;][vc_single_image image=&#8221;418&#8243; img_size=&#8221;large&#8221; onclick=&#8221;link_image&#8221; css_animation=&#8221;left-to-right&#8221;][vc_column_text] Kaikilla laitteilla Mobie eSmart toimii kaikilla p\u00e4\u00e4telaitteilla, kosketusn\u00e4yt\u00f6llisist\u00e4 \u00e4lypuhelimista, tablet-laitteisiin, tietokoneisiin ja nykyaikaisiin\u00a0tv-vastaanottimiin, niiden [&hellip;]<\/p>\n","protected":false},"author":1,"featured_media":0,"parent":0,"menu_order":0,"comment_status":"closed","ping_status":"closed","template":"","meta":{"_bbp_topic_count":0,"_bbp_reply_count":0,"_bbp_total_topic_count":0,"_bbp_total_reply_count":0,"_bbp_voice_count":0,"_bbp_anonymous_reply_count":0,"_bbp_topic_count_hidden":0,"_bbp_reply_count_hidden":0,"_bbp_forum_subforum_count":0,"footnotes":""},"class_list":["post-22","page","type-page","status-publish","hentry"],"_links":{"self":[{"href":"https:\/\/mobiesmart.fi\/fi\/wp-json\/wp\/v2\/pages\/22"}],"collection":[{"href":"https:\/\/mobiesmart.fi\/fi\/wp-json\/wp\/v2\/pages"}],"about":[{"href":"https:\/\/mobiesmart.fi\/fi\/wp-json\/wp\/v2\/types\/page"}],"author":[{"embeddable":true,"href":"https:\/\/mobiesmart.fi\/fi\/wp-json\/wp\/v2\/users\/1"}],"replies":[{"embeddable":true,"href":"https:\/\/mobiesmart.fi\/fi\/wp-json\/wp\/v2\/comments?post=22"}],"version-history":[{"count":57,"href":"https:\/\/mobiesmart.fi\/fi\/wp-json\/wp\/v2\/pages\/22\/revisions"}],"predecessor-version":[{"id":2575,"href":"https:\/\/mobiesmart.fi\/fi\/wp-json\/wp\/v2\/pages\/22\/revisions\/2575"}],"wp:attachment":[{"href":"https:\/\/mobiesmart.fi\/fi\/wp-json\/wp\/v2\/media?parent=22"}],"curies":[{"name":"wp","href":"https:\/\/api.w.org\/{rel}","templated":true}]}}